{"id":55,"date":"2025-06-10T21:03:52","date_gmt":"2025-06-10T21:03:52","guid":{"rendered":"https:\/\/localhub.com\/pagina-principal\/"},"modified":"2026-01-13T14:30:37","modified_gmt":"2026-01-13T14:30:37","slug":"pagina-principal","status":"publish","type":"page","link":"https:\/\/localhub.com\/es\/","title":{"rendered":"P\u00e1gina principal"},"content":{"rendered":"&#13;\n<h1 data-start=\"227\" data-end=\"303\">\u00a0<\/h1>&#13;\n<h1 style=\"text-align: center;\" data-start=\"227\" data-end=\"303\"><strong data-start=\"243\" data-end=\"303\">A Better Way to Stay Connected With Your Local Community<\/strong><\/h1>&#13;\n<h5 style=\"text-align: center;\">Discover local events, explore shared spaces, and engage with the people and places that make your community special.<\/h5>&#13;\n<p><img loading=\"lazy\" decoding=\"async\" class=\"wp-image-40 size-large aligncenter\" src=\"https:\/\/localhub.com\/wp-content\/uploads\/2025\/08\/shutterstock_2534825065-scaled-e1754498909314-1024x300.jpg\" alt=\"Evento en cafeter&#xED;a para gente ocupada\" width=\"1024\" height=\"300\" srcset=\"https:\/\/localhub.com\/wp-content\/uploads\/2025\/08\/shutterstock_2534825065-scaled-e1754498909314-1024x300.jpg 1024w, https:\/\/localhub.com\/wp-content\/uploads\/2025\/08\/shutterstock_2534825065-scaled-e1754498909314-300x88.jpg 300w, https:\/\/localhub.com\/wp-content\/uploads\/2025\/08\/shutterstock_2534825065-scaled-e1754498909314-768x225.jpg 768w, https:\/\/localhub.com\/wp-content\/uploads\/2025\/08\/shutterstock_2534825065-scaled-e1754498909314-1536x450.jpg 1536w, https:\/\/localhub.com\/wp-content\/uploads\/2025\/08\/shutterstock_2534825065-scaled-e1754498909314-2048x600.jpg 2048w\" sizes=\"auto, (max-width: 1024px) 100vw, 1024px\" \/><\/p>&#13;\n<h4 style=\"text-align: center;\" data-start=\"305\" data-end=\"441\"><a href=\"https:\/\/localhub.com\/es\/acerca-de-nosotros\/\">Learn More<\/a><\/h4>&#13;\n<p>\u00a0<\/p>&#13;\n<h5 data-start=\"529\" data-end=\"806\"><strong data-start=\"529\" data-end=\"552\">What is LocalHub?<\/strong><\/h5>&#13;\n<p data-start=\"529\" data-end=\"806\">Una aplicaci\u00f3n sencilla impulsada por la comunidad donde las organizaciones locales, desde bibliotecas y parques hasta cafeter\u00edas e iglesias, pueden publicar eventos y disponibilidad de espacios. Tanto si est\u00e1s planeando tu fin de semana como si buscas organizar un evento, LocalHub te mantiene conectado. <\/p>&#13;\n<h5 data-start=\"810\" data-end=\"982\"><strong data-start=\"810\" data-end=\"827\">Who It&#8217;s For:<\/strong><\/h5>&#13;\n<p data-start=\"810\" data-end=\"982\">\u2713 Miembros de la comunidad que buscan cosas que hacer<br data-start=\"876\" data-end=\"879\"\/>\u2713 Espacios locales que desean promocionar eventos<br data-start=\"921\" data-end=\"924\"\/>\u2713 Organizadores que necesitan un lugar para organizar algo especial<\/p>&#13;\n<h5 data-start=\"986\" data-end=\"1005\"><strong data-start=\"986\" data-end=\"1003\">How It Works:<\/strong><\/h5>&#13;\n<ol>&#13;\n<li data-start=\"1011\" data-end=\"1029\">Download the app<\/li>&#13;\n<li data-start=\"1035\" data-end=\"1069\">Follow your favorite local spots<\/li>&#13;\n<li data-start=\"1075\" data-end=\"1127\">View events and available spaces in one easy place<\/li>&#13;\n<\/ol>&#13;\n","protected":false},"excerpt":{"rendered":"<p>&#13; \u00a0 &#13; A Better Way to Stay Connected With Your Local Community &#13; Discover local events, explore shared spaces, [&hellip;]<\/p>\n","protected":false},"author":1,"featured_media":0,"parent":0,"menu_order":0,"comment_status":"closed","ping_status":"open","template":"","meta":{"site-sidebar-layout":"default","site-content-layout":"","ast-site-content-layout":"default","site-content-style":"default","site-sidebar-style":"default","ast-global-header-display":"","ast-banner-title-visibility":"","ast-main-header-display":"","ast-hfb-above-header-display":"","ast-hfb-below-header-display":"","ast-hfb-mobile-header-display":"","site-post-title":"disabled","ast-breadcrumbs-content":"","ast-featured-img":"","footer-sml-layout":"","ast-disable-related-posts":"","theme-transparent-header-meta":"default","adv-header-id-meta":"","stick-header-meta":"","header-above-stick-meta":"","header-main-stick-meta":"","header-below-stick-meta":"","astra-migrate-meta-layouts":"default","ast-page-background-enabled":"default","ast-page-background-meta":{"desktop":{"background-color":"var(--ast-global-color-5)","background-image":"","background-repeat":"repeat","background-position":"center center","background-size":"auto","background-attachment":"scroll","background-type":"","background-media":"","overlay-type":"","overlay-color":"","overlay-opacity":"","overlay-gradient":""},"tablet":{"background-color":"","background-image":"","background-repeat":"repeat","background-position":"center center","background-size":"auto","background-attachment":"scroll","background-type":"","background-media":"","overlay-type":"","overlay-color":"","overlay-opacity":"","overlay-gradient":""},"mobile":{"background-color":"","background-image":"","background-repeat":"repeat","background-position":"center center","background-size":"auto","background-attachment":"scroll","background-type":"","background-media":"","overlay-type":"","overlay-color":"","overlay-opacity":"","overlay-gradient":""}},"ast-content-background-meta":{"desktop":{"background-color":"var(--ast-global-color-4)","background-image":"","background-repeat":"repeat","background-position":"center center","background-size":"auto","background-attachment":"scroll","background-type":"","background-media":"","overlay-type":"","overlay-color":"","overlay-opacity":"","overlay-gradient":""},"tablet":{"background-color":"var(--ast-global-color-4)","background-image":"","background-repeat":"repeat","background-position":"center center","background-size":"auto","background-attachment":"scroll","background-type":"","background-media":"","overlay-type":"","overlay-color":"","overlay-opacity":"","overlay-gradient":""},"mobile":{"background-color":"var(--ast-global-color-4)","background-image":"","background-repeat":"repeat","background-position":"center center","background-size":"auto","background-attachment":"scroll","background-type":"","background-media":"","overlay-type":"","overlay-color":"","overlay-opacity":"","overlay-gradient":""}},"footnotes":""},"class_list":["post-55","page","type-page","status-publish","hentry"],"_links":{"self":[{"href":"https:\/\/localhub.com\/es\/wp-json\/wp\/v2\/pages\/55","targetHints":{"allow":["GET"]}}],"collection":[{"href":"https:\/\/localhub.com\/es\/wp-json\/wp\/v2\/pages"}],"about":[{"href":"https:\/\/localhub.com\/es\/wp-json\/wp\/v2\/types\/page"}],"author":[{"embeddable":true,"href":"https:\/\/localhub.com\/es\/wp-json\/wp\/v2\/users\/1"}],"replies":[{"embeddable":true,"href":"https:\/\/localhub.com\/es\/wp-json\/wp\/v2\/comments?post=55"}],"version-history":[{"count":0,"href":"https:\/\/localhub.com\/es\/wp-json\/wp\/v2\/pages\/55\/revisions"}],"wp:attachment":[{"href":"https:\/\/localhub.com\/es\/wp-json\/wp\/v2\/media?parent=55"}],"curies":[{"name":"wp","href":"https:\/\/api.w.org\/{rel}","templated":true}]}}