{"id":60,"date":"2025-08-06T04:20:46","date_gmt":"2025-08-06T04:20:46","guid":{"rendered":"https:\/\/localhub.com\/acerca-de-nosotros\/"},"modified":"2025-08-06T04:20:46","modified_gmt":"2025-08-06T04:20:46","slug":"acerca-de-nosotros","status":"publish","type":"page","link":"https:\/\/localhub.com\/es\/acerca-de-nosotros\/","title":{"rendered":"Acerca de nosotros"},"content":{"rendered":"<p>&nbsp;<\/p>\n<h2 style=\"text-align: center;\" data-start=\"1168\" data-end=\"1232\"><strong data-start=\"1184\" data-end=\"1232\">Una aplicaci\u00f3n, cientos de posibilidades comunitarias<\/strong><\/h2>\n<h5 style=\"text-align: center;\" data-start=\"1234\" data-end=\"1316\">Explora eventos locales y encuentra espacios para reunirte, todo en un mismo lugar.<\/h5>\n<p><img loading=\"lazy\" decoding=\"async\" class=\"aligncenter wp-image-41\" src=\"https:\/\/localhub.com\/wp-content\/uploads\/2025\/08\/shutterstock_2170439563-scaled-e1754498999826-300x88.jpg\" alt=\"Gente disfrutando de un evento en un parque local\" width=\"600\" height=\"176\" srcset=\"https:\/\/localhub.com\/wp-content\/uploads\/2025\/08\/shutterstock_2170439563-scaled-e1754498999826-300x88.jpg 300w, https:\/\/localhub.com\/wp-content\/uploads\/2025\/08\/shutterstock_2170439563-scaled-e1754498999826-1024x300.jpg 1024w, https:\/\/localhub.com\/wp-content\/uploads\/2025\/08\/shutterstock_2170439563-scaled-e1754498999826-768x225.jpg 768w, https:\/\/localhub.com\/wp-content\/uploads\/2025\/08\/shutterstock_2170439563-scaled-e1754498999826-1536x450.jpg 1536w, https:\/\/localhub.com\/wp-content\/uploads\/2025\/08\/shutterstock_2170439563-scaled-e1754498999826-2048x600.jpg 2048w\" sizes=\"auto, (max-width: 600px) 100vw, 600px\" \/><\/p>\n<p>&nbsp;<\/p>\n<h5 data-start=\"1335\" data-end=\"1354\"><strong data-start=\"1335\" data-end=\"1352\">Caracter\u00edsticas principales:<\/strong><\/h5>\n<ul>\n<li style=\"list-style-type: none;\">\n<ul data-start=\"1357\" data-end=\"1763\">\n<li data-start=\"1357\" data-end=\"1424\">\n<p data-start=\"1359\" data-end=\"1424\">\ud83c\udf89 <strong data-start=\"1362\" data-end=\"1381\">Descubre eventos<\/strong>: mantente al tanto de los eventos cerca de ti<\/p>\n<\/li>\n<li data-start=\"1427\" data-end=\"1532\">\n<p data-start=\"1429\" data-end=\"1532\">\ud83c\udfdb <strong data-start=\"1432\" data-end=\"1452\">Espacios comunitarios<\/strong>: consulta qu\u00e9 lugares est\u00e1n disponibles para tu pr\u00f3xima reuni\u00f3n, clase o encuentro<\/p>\n<\/li>\n<li data-start=\"1535\" data-end=\"1606\">\n<p data-start=\"1537\" data-end=\"1606\">\u2764\ufe0f <strong data-start=\"1540\" data-end=\"1553\">Favoritos<\/strong>: sigue tus lugares favoritos para no perderte nada<\/p>\n<\/li>\n<li data-start=\"1609\" data-end=\"1680\">\n<p data-start=\"1611\" data-end=\"1680\">\ud83d\udcc5 <strong data-start=\"1614\" data-end=\"1634\">Calendario unificado<\/strong>: visualiza todo lo que sucede en un solo calendario<\/p>\n<\/li>\n<li data-start=\"1683\" data-end=\"1763\">\n<p data-start=\"1685\" data-end=\"1763\">\ud83d\udccd <strong data-start=\"1688\" data-end=\"1703\">Enfoque local<\/strong>: creado espec\u00edficamente para tu pueblo, barrio o ciudad<\/p>\n<\/li>\n<\/ul>\n<\/li>\n<\/ul>\n<h6 data-start=\"1767\" data-end=\"2004\"><strong data-start=\"1767\" data-end=\"1791\">\u00bfQui\u00e9n puede participar?<\/strong><br data-start=\"1791\" data-end=\"1794\"><br data-start=\"1852\" data-end=\"1855\"><em>Bibliotecas locales \u2022 Parques y actividades recreativas \u2022 Cafeter\u00edas de barrio \u2022 Museos \u2022 F\u00e1bricas de cerveza artesanal \u2022 Centros comunitarios \u2022 Iglesias \u2022 \u00a1Y mucho m\u00e1s!<\/em><\/h6>\n<h5><\/h5>\n<h5>La aplicaci\u00f3n:<\/h5>\n<p data-start=\"1234\" data-end=\"1316\"><img loading=\"lazy\" decoding=\"async\" class=\"wp-image-52 size-full aligncenter\" src=\"https:\/\/localhub.com\/wp-content\/uploads\/2025\/08\/localhub-screenshot-logo.png\" alt=\"\" width=\"524\" height=\"846\" srcset=\"https:\/\/localhub.com\/wp-content\/uploads\/2025\/08\/localhub-screenshot-logo.png 524w, https:\/\/localhub.com\/wp-content\/uploads\/2025\/08\/localhub-screenshot-logo-186x300.png 186w\" sizes=\"auto, (max-width: 524px) 100vw, 524px\" \/><\/p>\n","protected":false},"excerpt":{"rendered":"<p>&nbsp; Una aplicaci\u00f3n, cientos de posibilidades comunitarias Explora eventos locales y encuentra espacios para reunirte, todo en un mismo lugar. [&hellip;]<\/p>\n","protected":false},"author":1,"featured_media":0,"parent":0,"menu_order":0,"comment_status":"closed","ping_status":"closed","template":"","meta":{"site-sidebar-layout":"default","site-content-layout":"","ast-site-content-layout":"default","site-content-style":"default","site-sidebar-style":"default","ast-global-header-display":"","ast-banner-title-visibility":"","ast-main-header-display":"","ast-hfb-above-header-display":"","ast-hfb-below-header-display":"","ast-hfb-mobile-header-display":"","site-post-title":"disabled","ast-breadcrumbs-content":"","ast-featured-img":"","footer-sml-layout":"","ast-disable-related-posts":"","theme-transparent-header-meta":"default","adv-header-id-meta":"","stick-header-meta":"","header-above-stick-meta":"","header-main-stick-meta":"","header-below-stick-meta":"","astra-migrate-meta-layouts":"default","ast-page-background-enabled":"default","ast-page-background-meta":{"desktop":{"background-color":"var(--ast-global-color-5)","background-image":"","background-repeat":"repeat","background-position":"center center","background-size":"auto","background-attachment":"scroll","background-type":"","background-media":"","overlay-type":"","overlay-color":"","overlay-opacity":"","overlay-gradient":""},"tablet":{"background-color":"","background-image":"","background-repeat":"repeat","background-position":"center center","background-size":"auto","background-attachment":"scroll","background-type":"","background-media":"","overlay-type":"","overlay-color":"","overlay-opacity":"","overlay-gradient":""},"mobile":{"background-color":"","background-image":"","background-repeat":"repeat","background-position":"center center","background-size":"auto","background-attachment":"scroll","background-type":"","background-media":"","overlay-type":"","overlay-color":"","overlay-opacity":"","overlay-gradient":""}},"ast-content-background-meta":{"desktop":{"background-color":"var(--ast-global-color-4)","background-image":"","background-repeat":"repeat","background-position":"center center","background-size":"auto","background-attachment":"scroll","background-type":"","background-media":"","overlay-type":"","overlay-color":"","overlay-opacity":"","overlay-gradient":""},"tablet":{"background-color":"var(--ast-global-color-4)","background-image":"","background-repeat":"repeat","background-position":"center center","background-size":"auto","background-attachment":"scroll","background-type":"","background-media":"","overlay-type":"","overlay-color":"","overlay-opacity":"","overlay-gradient":""},"mobile":{"background-color":"var(--ast-global-color-4)","background-image":"","background-repeat":"repeat","background-position":"center center","background-size":"auto","background-attachment":"scroll","background-type":"","background-media":"","overlay-type":"","overlay-color":"","overlay-opacity":"","overlay-gradient":""}},"footnotes":""},"class_list":["post-60","page","type-page","status-publish","hentry"],"_links":{"self":[{"href":"https:\/\/localhub.com\/es\/wp-json\/wp\/v2\/pages\/60","targetHints":{"allow":["GET"]}}],"collection":[{"href":"https:\/\/localhub.com\/es\/wp-json\/wp\/v2\/pages"}],"about":[{"href":"https:\/\/localhub.com\/es\/wp-json\/wp\/v2\/types\/page"}],"author":[{"embeddable":true,"href":"https:\/\/localhub.com\/es\/wp-json\/wp\/v2\/users\/1"}],"replies":[{"embeddable":true,"href":"https:\/\/localhub.com\/es\/wp-json\/wp\/v2\/comments?post=60"}],"version-history":[{"count":0,"href":"https:\/\/localhub.com\/es\/wp-json\/wp\/v2\/pages\/60\/revisions"}],"wp:attachment":[{"href":"https:\/\/localhub.com\/es\/wp-json\/wp\/v2\/media?parent=60"}],"curies":[{"name":"wp","href":"https:\/\/api.w.org\/{rel}","templated":true}]}}