{"id":61,"date":"2025-08-06T17:10:57","date_gmt":"2025-08-06T17:10:57","guid":{"rendered":"https:\/\/localhub.com\/contacto\/"},"modified":"2025-08-06T17:10:57","modified_gmt":"2025-08-06T17:10:57","slug":"contacto","status":"publish","type":"page","link":"https:\/\/localhub.com\/es\/contacto\/","title":{"rendered":"Contacto"},"content":{"rendered":"<p>&nbsp;<\/p>\n<h2 style=\"text-align: center;\" data-start=\"137\" data-end=\"195\"><strong data-start=\"153\" data-end=\"195\">\u00bfTe interesa LocalHub? Conectemos. <\/strong><\/h2>\n<p style=\"text-align: center;\" data-start=\"197\" data-end=\"369\">Tanto si ya eres socio de WhoFi como si est\u00e1s descubriendo lo que ofrecemos, nos encantar\u00eda ayudarte a explorar c\u00f3mo LocalHub puede apoyar tu espacio comunitario.<\/p>\n<p data-start=\"2410\" data-end=\"2429\"><img loading=\"lazy\" decoding=\"async\" class=\"aligncenter wp-image-43\" src=\"https:\/\/localhub.com\/wp-content\/uploads\/2025\/08\/shutterstock_1482823661-1-scaled-e1754499271230-1024x300.jpg\" alt=\"Ventana de un espacio de creadores locales\" width=\"600\" height=\"176\" srcset=\"https:\/\/localhub.com\/wp-content\/uploads\/2025\/08\/shutterstock_1482823661-1-scaled-e1754499271230-1024x300.jpg 1024w, https:\/\/localhub.com\/wp-content\/uploads\/2025\/08\/shutterstock_1482823661-1-scaled-e1754499271230-300x88.jpg 300w, https:\/\/localhub.com\/wp-content\/uploads\/2025\/08\/shutterstock_1482823661-1-scaled-e1754499271230-768x225.jpg 768w, https:\/\/localhub.com\/wp-content\/uploads\/2025\/08\/shutterstock_1482823661-1-scaled-e1754499271230-1536x450.jpg 1536w, https:\/\/localhub.com\/wp-content\/uploads\/2025\/08\/shutterstock_1482823661-1-scaled-e1754499271230-2048x600.jpg 2048w\" sizes=\"auto, (max-width: 600px) 100vw, 600px\" \/><\/p>\n<p data-start=\"2410\" data-end=\"2429\"><strong data-start=\"388\" data-end=\"419\">Socios actuales de WhoFi:<\/strong><br data-start=\"419\" data-end=\"422\">Si actualmente trabajas con WhoFi y quieres saber m\u00e1s sobre LocalHub, ponte en contacto con nuestro equipo de soporte en:<br data-start=\"542\" data-end=\"545\"><strong data-start=\"547\" data-end=\"596\"><a class=\"cursor-pointer\" href=\"mailto:support@whofi.com\" rel=\"noopener\" data-start=\"549\" data-end=\"594\">support@whofi.com<\/a><\/strong><\/p>\n<p data-start=\"600\" data-end=\"822\"><strong data-start=\"600\" data-end=\"620\">\u00bfEres nuevo en WhoFi?<\/strong><br data-start=\"620\" data-end=\"623\">Estaremos encantados de presentarte LocalHub y nuestro conjunto completo de herramientas para espacios comunitarios. Para concertar una reuni\u00f3n, ponte en contacto con nuestro equipo de marketing en: <br data-start=\"764\" data-end=\"767\"><strong data-start=\"769\" data-end=\"822\"><a class=\"cursor-pointer\" rel=\"noopener\" data-start=\"771\" data-end=\"820\">marketing@whofi.com<\/a><\/strong><\/p>\n","protected":false},"excerpt":{"rendered":"<p>&nbsp; \u00bfTe interesa LocalHub? Conectemos. Tanto si ya eres socio de WhoFi como si est\u00e1s descubriendo lo que ofrecemos, nos [&hellip;]<\/p>\n","protected":false},"author":2,"featured_media":0,"parent":0,"menu_order":0,"comment_status":"closed","ping_status":"closed","template":"","meta":{"site-sidebar-layout":"default","site-content-layout":"","ast-site-content-layout":"default","site-content-style":"default","site-sidebar-style":"default","ast-global-header-display":"","ast-banner-title-visibility":"","ast-main-header-display":"","ast-hfb-above-header-display":"","ast-hfb-below-header-display":"","ast-hfb-mobile-header-display":"","site-post-title":"disabled","ast-breadcrumbs-content":"","ast-featured-img":"","footer-sml-layout":"","ast-disable-related-posts":"","theme-transparent-header-meta":"default","adv-header-id-meta":"","stick-header-meta":"","header-above-stick-meta":"","header-main-stick-meta":"","header-below-stick-meta":"","astra-migrate-meta-layouts":"default","ast-page-background-enabled":"default","ast-page-background-meta":{"desktop":{"background-color":"var(--ast-global-color-5)","background-image":"","background-repeat":"repeat","background-position":"center center","background-size":"auto","background-attachment":"scroll","background-type":"","background-media":"","overlay-type":"","overlay-color":"","overlay-opacity":"","overlay-gradient":""},"tablet":{"background-color":"","background-image":"","background-repeat":"repeat","background-position":"center center","background-size":"auto","background-attachment":"scroll","background-type":"","background-media":"","overlay-type":"","overlay-color":"","overlay-opacity":"","overlay-gradient":""},"mobile":{"background-color":"","background-image":"","background-repeat":"repeat","background-position":"center center","background-size":"auto","background-attachment":"scroll","background-type":"","background-media":"","overlay-type":"","overlay-color":"","overlay-opacity":"","overlay-gradient":""}},"ast-content-background-meta":{"desktop":{"background-color":"var(--ast-global-color-4)","background-image":"","background-repeat":"repeat","background-position":"center center","background-size":"auto","background-attachment":"scroll","background-type":"","background-media":"","overlay-type":"","overlay-color":"","overlay-opacity":"","overlay-gradient":""},"tablet":{"background-color":"var(--ast-global-color-4)","background-image":"","background-repeat":"repeat","background-position":"center center","background-size":"auto","background-attachment":"scroll","background-type":"","background-media":"","overlay-type":"","overlay-color":"","overlay-opacity":"","overlay-gradient":""},"mobile":{"background-color":"var(--ast-global-color-4)","background-image":"","background-repeat":"repeat","background-position":"center center","background-size":"auto","background-attachment":"scroll","background-type":"","background-media":"","overlay-type":"","overlay-color":"","overlay-opacity":"","overlay-gradient":""}},"footnotes":""},"class_list":["post-61","page","type-page","status-publish","hentry"],"_links":{"self":[{"href":"https:\/\/localhub.com\/es\/wp-json\/wp\/v2\/pages\/61","targetHints":{"allow":["GET"]}}],"collection":[{"href":"https:\/\/localhub.com\/es\/wp-json\/wp\/v2\/pages"}],"about":[{"href":"https:\/\/localhub.com\/es\/wp-json\/wp\/v2\/types\/page"}],"author":[{"embeddable":true,"href":"https:\/\/localhub.com\/es\/wp-json\/wp\/v2\/users\/2"}],"replies":[{"embeddable":true,"href":"https:\/\/localhub.com\/es\/wp-json\/wp\/v2\/comments?post=61"}],"version-history":[{"count":0,"href":"https:\/\/localhub.com\/es\/wp-json\/wp\/v2\/pages\/61\/revisions"}],"wp:attachment":[{"href":"https:\/\/localhub.com\/es\/wp-json\/wp\/v2\/media?parent=61"}],"curies":[{"name":"wp","href":"https:\/\/api.w.org\/{rel}","templated":true}]}}